{"id":612,"date":"2026-02-08T15:55:19","date_gmt":"2026-02-08T14:55:19","guid":{"rendered":"https:\/\/institutpourlademocratie.com\/?page_id=612"},"modified":"2026-03-12T08:57:45","modified_gmt":"2026-03-12T07:57:45","slug":"publications","status":"publish","type":"page","link":"https:\/\/institutpourlademocratie.com\/?page_id=612","title":{"rendered":"Publications"},"content":{"rendered":"\t\t<div data-elementor-type=\"wp-page\" data-elementor-id=\"612\" class=\"elementor elementor-612\">\n\t\t\t\t<div class=\"elementor-element elementor-element-a961942 e-con-full e-flex e-con e-parent\" data-id=\"a961942\" data-element_type=\"container\" data-e-type=\"container\">\n\t\t\t\t<\/div>\n\t\t<div class=\"elementor-element elementor-element-2e2e867 e-flex e-con-boxed e-con e-parent\" data-id=\"2e2e867\" data-element_type=\"container\" data-e-type=\"container\">\n\t\t\t\t\t<div class=\"e-con-inner\">\n\t\t\t\t<div class=\"elementor-element elementor-element-5057e24 elementor-widget elementor-widget-heading\" data-id=\"5057e24\" data-element_type=\"widget\" data-e-type=\"widget\" data-widget_type=\"heading.default\">\n\t\t\t\t<div class=\"elementor-widget-container\">\n\t\t\t\t\t<h2 class=\"elementor-heading-title elementor-size-default\">PUBLICATIONS<\/h2>\t\t\t\t<\/div>\n\t\t\t\t<\/div>\n\t\t\t\t<div class=\"elementor-element elementor-element-72d78ad elementor-widget-divider--view-line elementor-widget elementor-widget-divider\" data-id=\"72d78ad\" data-element_type=\"widget\" data-e-type=\"widget\" data-widget_type=\"divider.default\">\n\t\t\t\t<div class=\"elementor-widget-container\">\n\t\t\t\t\t\t\t<div class=\"elementor-divider\">\n\t\t\t<span class=\"elementor-divider-separator\">\n\t\t\t\t\t\t<\/span>\n\t\t<\/div>\n\t\t\t\t\t\t<\/div>\n\t\t\t\t<\/div>\n\t\t\t\t\t<\/div>\n\t\t\t\t<\/div>\n\t\t<div class=\"elementor-element elementor-element-9695ab0 e-flex e-con-boxed e-con e-parent\" data-id=\"9695ab0\" data-element_type=\"container\" data-e-type=\"container\">\n\t\t\t\t\t<div class=\"e-con-inner\">\n\t\t<div class=\"elementor-element elementor-element-04ffd20 e-con-full e-flex e-con e-child\" data-id=\"04ffd20\" data-element_type=\"container\" data-e-type=\"container\">\n\t\t<div class=\"elementor-element elementor-element-db01c8f e-con-full e-flex e-con e-child\" data-id=\"db01c8f\" data-element_type=\"container\" data-e-type=\"container\">\n\t\t\t\t<div class=\"elementor-element elementor-element-1604af7 elementor-widget__width-inherit eael-flipbox-content-align-center eael-flipbox-img-default elementor-widget elementor-widget-eael-flip-box\" data-id=\"1604af7\" data-element_type=\"widget\" data-e-type=\"widget\" data-widget_type=\"eael-flip-box.default\">\n\t\t\t\t<div class=\"elementor-widget-container\">\n\t\t\t\t\t        <div class=\"eael-elements-flip-box-container eael-animate-flip eael-animate-fade-in eael-content eael-flip-box-hover eael-flipbox-fixed-height eael-flipbox-dynamic\">\n\n            <div class=\"eael-elements-flip-box-flip-card\">\n                <div class=\"eael-elements-flip-box-front-container\">\n                    \n                    \n                        <div class=\"eael-elements-slider-display-table\">\n                            <div class=\"eael-elements-flip-box-vertical-align\">\n                                <div class=\"eael-elements-flip-box-padding\">\n                                    <div class=\"eael-elements-flip-box-icon-image\">\n                                                                                    <img decoding=\"async\" class=\"eael-flipbox-image-as-icon\" src=\"https:\/\/institutpourlademocratie.com\/wp-content\/uploads\/2026\/02\/le-petit-livre-bleu_couv1_web.jpg\" alt=\"\">\n                                                                            <\/div>\n                                                                        <div class=\"eael-elements-flip-box-content\">\n\t                                                                        <\/div>\n                                <\/div>\n                            <\/div>\n                        <\/div>\n                                    <\/div>\n\n                <div class=\"eael-elements-flip-box-rear-container\">\n                                                                <div class=\"eael-elements-slider-display-table\">\n                            <div class=\"eael-elements-flip-box-vertical-align\">\n                                <div class=\"eael-elements-flip-box-padding\">\n                                                                            <div class=\"eael-elements-flip-box-icon-image\">\n                                                                                            <img decoding=\"async\" class=\"eael-flipbox-image-as-icon\" src=\"https:\/\/institutpourlademocratie.com\/wp-content\/uploads\/2026\/02\/le-petit-livre-bleu-couv2.jpg\" alt=\"\">\n                                                                                    <\/div>\n                                                                                                            <div class=\"eael-elements-flip-box-content\">\n                                                                            <\/div>\n\n                                                                    <\/div>\n                            <\/div>\n                        <\/div>\n                                    <\/div>\n            <\/div>\n        <\/div>\n        \t\t\t\t<\/div>\n\t\t\t\t<\/div>\n\t\t\t\t<\/div>\n\t\t\t\t<\/div>\n\t\t<div class=\"elementor-element elementor-element-fb45685 e-con-full e-flex e-con e-child\" data-id=\"fb45685\" data-element_type=\"container\" data-e-type=\"container\">\n\t\t<div class=\"elementor-element elementor-element-f61f1d3 e-con-full e-flex e-con e-child\" data-id=\"f61f1d3\" data-element_type=\"container\" data-e-type=\"container\">\n\t\t\t\t<\/div>\n\t\t<div class=\"elementor-element elementor-element-a96735e e-con-full e-flex e-con e-child\" data-id=\"a96735e\" data-element_type=\"container\" data-e-type=\"container\">\n\t\t\t\t<div class=\"elementor-element elementor-element-bf99d7e elementor-widget elementor-widget-html\" data-id=\"bf99d7e\" data-element_type=\"widget\" data-e-type=\"widget\" data-widget_type=\"html.default\">\n\t\t\t\t<div class=\"elementor-widget-container\">\n\t\t\t\t\t<style>\n  .paypal-wrapper {\n    font-family: Arial, sans-serif;\n    border: 1px solid #ddd;\n    border-radius: 12px;\n    padding: 20px;\n    max-width: 320px;\n    background-color: #f9f9f9;\n    text-align: center;\n    box-shadow: 0 4px 6px rgba(0,0,0,0.1);\n  }\n  .paypal-title {\n    font-size: 18px;\n    margin-bottom: 15px;\n    color: #333;\n    font-weight: bold;\n  }\n  .paypal-select {\n    width: 100%;\n    height: 40px;\n    border-radius: 5px;\n    border: 1px solid #aaa;\n    margin-bottom: 20px;\n    padding: 5px;\n    font-size: 14px;\n  }\n  .paypal-submit {\n    background-color: #ffc439;\n    border: none;\n    border-radius: 20px;\n    padding: 12px 24px;\n    width: 100%;\n    font-weight: bold;\n    cursor: pointer;\n    font-size: 16px;\n    transition: 0.2s;\n  }\n  .paypal-submit:hover {\n    background-color: #f2ba36;\n  }\n<\/style>\n\n<div class=\"paypal-wrapper\">\n  <div class=\"paypal-title\">Finaliser votre achat <br>ou vos achats<\/div>\n  \n  <form action=\"https:\/\/www.paypal.com\/cgi-bin\/webscr\" method=\"post\" target=\"_blank\">\n    <input type=\"hidden\" name=\"business\" value=\"ZYNUMNYL3799C\">\n    \n    <input type=\"hidden\" name=\"cmd\" value=\"_xclick\">\n    <input type=\"hidden\" name=\"currency_code\" value=\"EUR\">\n    \n    <input type=\"hidden\" name=\"item_name\" value=\"Le petit livre bleu\">\n\n    <label for=\"amount\" style=\"display:block; margin-bottom:8px; font-size:13px; color:#666;\">Choisissez une option :<\/label>\n    \n    <select name=\"amount\" id=\"amount\" class=\"paypal-select\">\n      <option value=\"10.00\">Le petit livre bleu - 5,00 \u20ac \/ 10,00 \u20ac franco de port<\/option>\n      <option value=\"30.00\">Relever la France - 25,00 \u20ac \/ 30,00 \u20ac franco de port<\/option>\n      <option value=\"35.00\">Les 2 - 35,00 \u20ac franco de port<\/option>\n    <\/select>\n\n    <button type=\"submit\" class=\"paypal-submit\">\n      Payer avec PayPal\n    <\/button>\n    \n    <img decoding=\"async\" alt=\"\" border=\"0\" src=\"https:\/\/www.paypalobjects.com\/fr_FR\/i\/scr\/pixel.gif\" width=\"1\" height=\"1\">\n  <\/form>\n<\/div>\t\t\t\t<\/div>\n\t\t\t\t<\/div>\n\t\t\t\t<\/div>\n\t\t\t\t<\/div>\n\t\t\t\t\t<\/div>\n\t\t\t\t<\/div>\n\t\t<div class=\"elementor-element elementor-element-658f883 e-flex e-con-boxed e-con e-parent\" data-id=\"658f883\" data-element_type=\"container\" data-e-type=\"container\">\n\t\t\t\t\t<div class=\"e-con-inner\">\n\t\t<div class=\"elementor-element elementor-element-c0c39f9 e-con-full e-flex e-con e-child\" data-id=\"c0c39f9\" data-element_type=\"container\" data-e-type=\"container\">\n\t\t<div class=\"elementor-element elementor-element-20217c5 e-con-full e-flex e-con e-child\" data-id=\"20217c5\" data-element_type=\"container\" data-e-type=\"container\">\n\t\t\t\t<div class=\"elementor-element elementor-element-1e50376 elementor-widget__width-inherit eael-flipbox-content-align-center eael-flipbox-img-default elementor-widget elementor-widget-eael-flip-box\" data-id=\"1e50376\" data-element_type=\"widget\" data-e-type=\"widget\" data-widget_type=\"eael-flip-box.default\">\n\t\t\t\t<div class=\"elementor-widget-container\">\n\t\t\t\t\t        <div class=\"eael-elements-flip-box-container eael-animate-flip eael-animate-fade-in eael-content eael-flip-box-hover eael-flipbox-fixed-height eael-flipbox-dynamic\">\n\n            <div class=\"eael-elements-flip-box-flip-card\">\n                <div class=\"eael-elements-flip-box-front-container\">\n                    \n                    \n                        <div class=\"eael-elements-slider-display-table\">\n                            <div class=\"eael-elements-flip-box-vertical-align\">\n                                <div class=\"eael-elements-flip-box-padding\">\n                                    <div class=\"eael-elements-flip-box-icon-image\">\n                                                                                    <img decoding=\"async\" class=\"eael-flipbox-image-as-icon\" src=\"https:\/\/institutpourlademocratie.com\/wp-content\/uploads\/2026\/02\/Relever-la-france-1ere-couv.jpg\" alt=\"\">\n                                                                            <\/div>\n                                                                        <div class=\"eael-elements-flip-box-content\">\n\t                                                                        <\/div>\n                                <\/div>\n                            <\/div>\n                        <\/div>\n                                    <\/div>\n\n                <div class=\"eael-elements-flip-box-rear-container\">\n                                                                <div class=\"eael-elements-slider-display-table\">\n                            <div class=\"eael-elements-flip-box-vertical-align\">\n                                <div class=\"eael-elements-flip-box-padding\">\n                                                                            <div class=\"eael-elements-flip-box-icon-image\">\n                                                                                            <img decoding=\"async\" class=\"eael-flipbox-image-as-icon\" src=\"https:\/\/institutpourlademocratie.com\/wp-content\/uploads\/2026\/02\/Relever-la-france-4e-couv.jpg\" alt=\"\">\n                                                                                    <\/div>\n                                                                                                            <div class=\"eael-elements-flip-box-content\">\n                                                                            <\/div>\n\n                                                                    <\/div>\n                            <\/div>\n                        <\/div>\n                                    <\/div>\n            <\/div>\n        <\/div>\n        \t\t\t\t<\/div>\n\t\t\t\t<\/div>\n\t\t\t\t<\/div>\n\t\t\t\t<\/div>\n\t\t<div class=\"elementor-element elementor-element-3f277bb e-con-full e-flex e-con e-child\" data-id=\"3f277bb\" data-element_type=\"container\" data-e-type=\"container\">\n\t\t<div class=\"elementor-element elementor-element-3279d2d e-con-full e-flex e-con e-child\" data-id=\"3279d2d\" data-element_type=\"container\" data-e-type=\"container\">\n\t\t\t\t<div class=\"elementor-element elementor-element-23dcbf2 elementor-widget elementor-widget-text-editor\" data-id=\"23dcbf2\" data-element_type=\"widget\" data-e-type=\"widget\" data-widget_type=\"text-editor.default\">\n\t\t\t\t<div class=\"elementor-widget-container\">\n\t\t\t\t\t\t\t\t\t<p><b>Apr\u00e8s avoir fait votre choix, cliquez sur le bouton \u00ab\u00a0Payer avec PayPal<\/b>\u00ab\u00a0,<b> vous serez alors conduit vers une page PayPal qui vous donnera la possibilit\u00e9 d&rsquo;effectuer votre achat en vous connectant \u00e0 votre compte PayPal ou de r\u00e9gler celui-ci directement avec votre carte bancaire (sans compte). Vous serez amen\u00e9 \u00e0 remplir vos informations personnelles : nom et adresse de livraison. Merci par avance.\u00a0<\/b><\/p>\t\t\t\t\t\t\t\t<\/div>\n\t\t\t\t<\/div>\n\t\t\t\t<\/div>\n\t\t<div class=\"elementor-element elementor-element-2df54f7 e-con-full e-flex e-con e-child\" data-id=\"2df54f7\" data-element_type=\"container\" data-e-type=\"container\">\n\t\t\t\t<\/div>\n\t\t\t\t<\/div>\n\t\t\t\t\t<\/div>\n\t\t\t\t<\/div>\n\t\t<div class=\"elementor-element elementor-element-2578d63 e-flex e-con-boxed e-con e-parent\" data-id=\"2578d63\" data-element_type=\"container\" data-e-type=\"container\">\n\t\t\t\t\t<div class=\"e-con-inner\">\n\t\t<div class=\"elementor-element elementor-element-6fc424d e-con-full e-flex e-con e-child\" data-id=\"6fc424d\" data-element_type=\"container\" data-e-type=\"container\">\n\t\t\t\t<\/div>\n\t\t<div class=\"elementor-element elementor-element-2b0e723 e-con-full e-flex e-con e-child\" data-id=\"2b0e723\" data-element_type=\"container\" data-e-type=\"container\">\n\t\t\t\t<\/div>\n\t\t<div class=\"elementor-element elementor-element-0bf8b68 e-con-full e-flex e-con e-child\" data-id=\"0bf8b68\" data-element_type=\"container\" data-e-type=\"container\">\n\t\t\t\t<div class=\"elementor-element elementor-element-60fbf9f elementor-align-right elementor-widget elementor-widget-button\" data-id=\"60fbf9f\" data-element_type=\"widget\" data-e-type=\"widget\" data-widget_type=\"button.default\">\n\t\t\t\t<div class=\"elementor-widget-container\">\n\t\t\t\t\t\t\t\t\t<div class=\"elementor-button-wrapper\">\n\t\t\t\t\t<a class=\"elementor-button elementor-button-link elementor-size-sm\" href=\"https:\/\/institutpourlademocratie.com\/\">\n\t\t\t\t\t\t<span class=\"elementor-button-content-wrapper\">\n\t\t\t\t\t\t\t\t\t<span class=\"elementor-button-text\">RETOUR \u00c0 L'ACCUEIL<\/span>\n\t\t\t\t\t<\/span>\n\t\t\t\t\t<\/a>\n\t\t\t\t<\/div>\n\t\t\t\t\t\t\t\t<\/div>\n\t\t\t\t<\/div>\n\t\t\t\t<\/div>\n\t\t<div class=\"elementor-element elementor-element-dad4c95 e-con-full e-flex e-con e-child\" data-id=\"dad4c95\" data-element_type=\"container\" data-e-type=\"container\">\n\t\t\t\t<\/div>\n\t\t<div class=\"elementor-element elementor-element-97641ce e-con-full e-flex e-con e-child\" data-id=\"97641ce\" data-element_type=\"container\" data-e-type=\"container\">\n\t\t\t\t<\/div>\n\t\t<div class=\"elementor-element elementor-element-6f9eb1a e-con-full e-flex e-con e-child\" data-id=\"6f9eb1a\" data-element_type=\"container\" data-e-type=\"container\">\n\t\t\t\t<\/div>\n\t\t\t\t\t<\/div>\n\t\t\t\t<\/div>\n\t\t\t\t<\/div>\n\t\t","protected":false},"excerpt":{"rendered":"<p>PUBLICATIONS Finaliser votre achat ou vos achats Choisissez une option : Le petit livre bleu &#8211; 5,00 \u20ac \/ 10,00 \u20ac franco de portRelever la France &#8211; 25,00 \u20ac \/ 30,00 \u20ac franco de portLes 2 &#8211; 35,00 \u20ac franco de port Payer avec PayPal Apr\u00e8s avoir fait votre choix, cliquez sur le bouton \u00ab\u00a0Payer [&hellip;]<\/p>\n","protected":false},"author":2,"featured_media":613,"parent":0,"menu_order":0,"comment_status":"closed","ping_status":"closed","template":"elementor_canvas","meta":{"footnotes":""},"class_list":["post-612","page","type-page","status-publish","has-post-thumbnail","hentry"],"_links":{"self":[{"href":"https:\/\/institutpourlademocratie.com\/index.php?rest_route=\/wp\/v2\/pages\/612","targetHints":{"allow":["GET"]}}],"collection":[{"href":"https:\/\/institutpourlademocratie.com\/index.php?rest_route=\/wp\/v2\/pages"}],"about":[{"href":"https:\/\/institutpourlademocratie.com\/index.php?rest_route=\/wp\/v2\/types\/page"}],"author":[{"embeddable":true,"href":"https:\/\/institutpourlademocratie.com\/index.php?rest_route=\/wp\/v2\/users\/2"}],"replies":[{"embeddable":true,"href":"https:\/\/institutpourlademocratie.com\/index.php?rest_route=%2Fwp%2Fv2%2Fcomments&post=612"}],"version-history":[{"count":91,"href":"https:\/\/institutpourlademocratie.com\/index.php?rest_route=\/wp\/v2\/pages\/612\/revisions"}],"predecessor-version":[{"id":744,"href":"https:\/\/institutpourlademocratie.com\/index.php?rest_route=\/wp\/v2\/pages\/612\/revisions\/744"}],"wp:featuredmedia":[{"embeddable":true,"href":"https:\/\/institutpourlademocratie.com\/index.php?rest_route=\/wp\/v2\/media\/613"}],"wp:attachment":[{"href":"https:\/\/institutpourlademocratie.com\/index.php?rest_route=%2Fwp%2Fv2%2Fmedia&parent=612"}],"curies":[{"name":"wp","href":"https:\/\/api.w.org\/{rel}","templated":true}]}}